{"id":97,"date":"2021-01-06T12:38:20","date_gmt":"2021-01-06T11:38:20","guid":{"rendered":"https:\/\/www.locus-solus.org\/?page_id=97"},"modified":"2021-01-06T12:38:20","modified_gmt":"2021-01-06T11:38:20","slug":"presse","status":"publish","type":"page","link":"https:\/\/www.locus-solus.org\/index.php\/presse\/","title":{"rendered":"Presse"},"content":{"rendered":"\n<figure class=\"wp-block-image size-large\"><img loading=\"lazy\" decoding=\"async\" width=\"252\" height=\"189\" src=\"https:\/\/www.locus-solus.org\/wp-content\/uploads\/2021\/01\/Flore_lecture.jpg\" alt=\"\" class=\"wp-image-98\"\/><\/figure>\n\n\n\n<p>A propos de la po\u00e9sie de Flore Iborra,<\/p>\n\n\n\n<p>L&rsquo;\u00e9criture part de choses simples, de sensations ordinaires de la vie, d&rsquo;un regard qui se pose sur un souvenir, la m\u00e8re, un homme aim\u00e9, un homme crois\u00e9, de la fra\u00eecheur du vent, omnipr\u00e9sent, ou de la douceur du soleil. Elle s&rsquo;envole en bonds l\u00e9gers d&rsquo;une image \u00e0 l&rsquo;autre, suspendue dans une sorte de retenue. C&rsquo;est une po\u00e9sie de la suggestion qui semble conter des histoires mais dont le sujet est plus intimement une reviviscence des \u00e9motions, que la forme po\u00e9tique permet de peindre sans les dire tout \u00e0 fait.<\/p>\n\n\n\n<p>Par Marie-Christine PONCET\u00a0<br>(Le Point.fr avril 2011)<\/p>\n\n\n\n<figure class=\"wp-block-image size-large\"><img loading=\"lazy\" decoding=\"async\" width=\"858\" height=\"563\" src=\"https:\/\/www.locus-solus.org\/wp-content\/uploads\/2021\/01\/100314_Invitation_flore_Iborra_2.jpg\" alt=\"\" class=\"wp-image-99\" srcset=\"https:\/\/www.locus-solus.org\/wp-content\/uploads\/2021\/01\/100314_Invitation_flore_Iborra_2.jpg 858w, https:\/\/www.locus-solus.org\/wp-content\/uploads\/2021\/01\/100314_Invitation_flore_Iborra_2-300x197.jpg 300w, https:\/\/www.locus-solus.org\/wp-content\/uploads\/2021\/01\/100314_Invitation_flore_Iborra_2-768x504.jpg 768w, https:\/\/www.locus-solus.org\/wp-content\/uploads\/2021\/01\/100314_Invitation_flore_Iborra_2-600x394.jpg 600w\" sizes=\"auto, (max-width: 858px) 100vw, 858px\" \/><\/figure>\n\n\n\n<p><strong>(L&rsquo;Ind\u00e9pendant, mars 2010)<\/strong><\/p>\n","protected":false},"excerpt":{"rendered":"<p>A propos de la po\u00e9sie de Flore Iborra, L&rsquo;\u00e9criture part de choses simples, de sensations ordinaires de la vie, d&rsquo;un regard qui se pose sur un souvenir, la m\u00e8re, un homme aim\u00e9, un homme crois\u00e9, de la fra\u00eecheur du vent, omnipr\u00e9sent, ou de la douceur du soleil. Elle s&rsquo;envole en bonds l\u00e9gers d&rsquo;une image \u00e0<a class=\"moretag\" href=\"https:\/\/www.locus-solus.org\/index.php\/presse\/\">Read more<\/a><\/p>\n","protected":false},"author":1,"featured_media":0,"parent":0,"menu_order":0,"comment_status":"closed","ping_status":"closed","template":"","meta":{"footnotes":""},"class_list":["post-97","page","type-page","status-publish","hentry"],"_links":{"self":[{"href":"https:\/\/www.locus-solus.org\/index.php\/wp-json\/wp\/v2\/pages\/97","targetHints":{"allow":["GET"]}}],"collection":[{"href":"https:\/\/www.locus-solus.org\/index.php\/wp-json\/wp\/v2\/pages"}],"about":[{"href":"https:\/\/www.locus-solus.org\/index.php\/wp-json\/wp\/v2\/types\/page"}],"author":[{"embeddable":true,"href":"https:\/\/www.locus-solus.org\/index.php\/wp-json\/wp\/v2\/users\/1"}],"replies":[{"embeddable":true,"href":"https:\/\/www.locus-solus.org\/index.php\/wp-json\/wp\/v2\/comments?post=97"}],"version-history":[{"count":1,"href":"https:\/\/www.locus-solus.org\/index.php\/wp-json\/wp\/v2\/pages\/97\/revisions"}],"predecessor-version":[{"id":100,"href":"https:\/\/www.locus-solus.org\/index.php\/wp-json\/wp\/v2\/pages\/97\/revisions\/100"}],"wp:attachment":[{"href":"https:\/\/www.locus-solus.org\/index.php\/wp-json\/wp\/v2\/media?parent=97"}],"curies":[{"name":"wp","href":"https:\/\/api.w.org\/{rel}","templated":true}]}}