{"id":92,"date":"2021-01-06T12:35:36","date_gmt":"2021-01-06T11:35:36","guid":{"rendered":"https:\/\/www.locus-solus.org\/?page_id=92"},"modified":"2021-01-06T12:35:36","modified_gmt":"2021-01-06T11:35:36","slug":"atelier-decriture","status":"publish","type":"page","link":"https:\/\/www.locus-solus.org\/index.php\/atelier-decriture\/","title":{"rendered":"Atelier d&rsquo;\u00e9criture"},"content":{"rendered":"\n<figure class=\"wp-block-image size-large\"><img loading=\"lazy\" decoding=\"async\" width=\"640\" height=\"480\" src=\"https:\/\/www.locus-solus.org\/wp-content\/uploads\/2021\/01\/100_0297_00_2_1.jpg\" alt=\"\" class=\"wp-image-93\" srcset=\"https:\/\/www.locus-solus.org\/wp-content\/uploads\/2021\/01\/100_0297_00_2_1.jpg 640w, https:\/\/www.locus-solus.org\/wp-content\/uploads\/2021\/01\/100_0297_00_2_1-300x225.jpg 300w, https:\/\/www.locus-solus.org\/wp-content\/uploads\/2021\/01\/100_0297_00_2_1-600x450.jpg 600w\" sizes=\"auto, (max-width: 640px) 100vw, 640px\" \/><\/figure>\n\n\n\n<p><strong>ATELIER D&rsquo;ECRITURE<\/strong><\/p>\n\n\n\n<p><strong>Atelier d&rsquo;\u00e9criture dans les Corbi\u00e8res (entre Narbonne et Perpignan).<br>Travail par petit groupe dans le calme d&rsquo;une maison \u00e0 la campagne.<br><br>Jeux de mots, d\u00e9couverte. Naissance de vos textes.<br>Plages d&rsquo;\u00e9criture et de repos.<br><br>S\u00e9jour le temps d&rsquo;un week-end (du vendredi soir au dimanche soir).<br>H\u00e9bergement, repas soign\u00e9 inclus. Participation 150 euros.<br><br>Contact (Flore) : 06 76 93 34 36<\/strong><\/p>\n","protected":false},"excerpt":{"rendered":"<p>ATELIER D&rsquo;ECRITURE Atelier d&rsquo;\u00e9criture dans les Corbi\u00e8res (entre Narbonne et Perpignan).Travail par petit groupe dans le calme d&rsquo;une maison \u00e0 la campagne. Jeux de mots, d\u00e9couverte. Naissance de vos textes.Plages d&rsquo;\u00e9criture et de repos. S\u00e9jour le temps d&rsquo;un week-end (du vendredi soir au dimanche soir).H\u00e9bergement, repas soign\u00e9 inclus. Participation 150 euros. Contact (Flore) : 06<a class=\"moretag\" href=\"https:\/\/www.locus-solus.org\/index.php\/atelier-decriture\/\">Read more<\/a><\/p>\n","protected":false},"author":1,"featured_media":0,"parent":0,"menu_order":0,"comment_status":"closed","ping_status":"closed","template":"","meta":{"footnotes":""},"class_list":["post-92","page","type-page","status-publish","hentry"],"_links":{"self":[{"href":"https:\/\/www.locus-solus.org\/index.php\/wp-json\/wp\/v2\/pages\/92","targetHints":{"allow":["GET"]}}],"collection":[{"href":"https:\/\/www.locus-solus.org\/index.php\/wp-json\/wp\/v2\/pages"}],"about":[{"href":"https:\/\/www.locus-solus.org\/index.php\/wp-json\/wp\/v2\/types\/page"}],"author":[{"embeddable":true,"href":"https:\/\/www.locus-solus.org\/index.php\/wp-json\/wp\/v2\/users\/1"}],"replies":[{"embeddable":true,"href":"https:\/\/www.locus-solus.org\/index.php\/wp-json\/wp\/v2\/comments?post=92"}],"version-history":[{"count":1,"href":"https:\/\/www.locus-solus.org\/index.php\/wp-json\/wp\/v2\/pages\/92\/revisions"}],"predecessor-version":[{"id":94,"href":"https:\/\/www.locus-solus.org\/index.php\/wp-json\/wp\/v2\/pages\/92\/revisions\/94"}],"wp:attachment":[{"href":"https:\/\/www.locus-solus.org\/index.php\/wp-json\/wp\/v2\/media?parent=92"}],"curies":[{"name":"wp","href":"https:\/\/api.w.org\/{rel}","templated":true}]}}